{"id":1569,"date":"2020-01-09T02:48:17","date_gmt":"2020-01-09T01:48:17","guid":{"rendered":"https:\/\/midicraft.de\/faq\/"},"modified":"2025-05-13T08:57:41","modified_gmt":"2025-05-13T06:57:41","slug":"faq","status":"publish","type":"page","link":"https:\/\/www.midicraft.de\/en\/faq\/","title":{"rendered":"FAQ"},"content":{"rendered":"\n\n\t<section class=\"section\" id=\"section_64095781\">\n\t\t<div class=\"section-bg fill\" >\n\t\t\t\t\t\t\t\t\t\n\t\t\t\n\n\t\t<\/div>\n\n\t\t\n\n\t\t<div class=\"section-content relative\">\n\t\t\t\n\n<div class=\"row\"  id=\"row-1475061810\">\n\n\n\t<div id=\"col-1559376558\" class=\"col small-12 large-12\"  >\n\t\t\t\t<div class=\"col-inner text-center\"  >\n\t\t\t\n\t\t\t\n\n\n  <div class=\"banner has-hover has-parallax\" id=\"banner-1501651630\">\n          <div class=\"banner-inner fill\">\n        <div class=\"banner-bg fill\" data-parallax=\"-1\" data-parallax-container=\".banner\" data-parallax-background>\n            <img loading=\"lazy\" decoding=\"async\" width=\"2560\" height=\"1440\" src=\"https:\/\/www.midicraft.de\/wp-content\/uploads\/2020\/01\/faq_banner-scaled.jpg\" class=\"bg attachment-original size-original\" alt=\"\" \/>                        <div class=\"overlay\"><\/div>            \n                    <\/div>\n\t\t\n        <div class=\"banner-layers container\">\n            <div class=\"fill banner-link\"><\/div>            \n\n   <div id=\"text-box-1282341225\" class=\"text-box banner-layer x50 md-x50 lg-x50 y50 md-y50 lg-y50 res-text\">\n                                <div class=\"text-box-content text dark\">\n              \n              <div class=\"text-inner text-center\">\n                  \n\n<h1 class=\"uppercase\"><strong>FAQ<br \/><\/strong><\/h1>\n<h3>Hier findest du Antworten zu h\u00e4ufig gestellten Fragen. Sollte trotzdem etwas unklar sein, nimm einfach Kontakt auf.<\/h3>\n<a href=\"\/kontakt\/\" class=\"button primary\" >\n\t\t<span>Zur Kontakt Seite<\/span>\n\t<\/a>\n\n\n\n              <\/div>\n           <\/div>\n                            \n<style>\n#text-box-1282341225 {\n  width: 60%;\n}\n#text-box-1282341225 .text-box-content {\n  font-size: 100%;\n}\n<\/style>\n    <\/div>\n \n\n        <\/div>\n      <\/div>\n\n            \n<style>\n#banner-1501651630 {\n  padding-top: 500px;\n}\n#banner-1501651630 .overlay {\n  background-color: rgba(0, 0, 0, 0.7);\n}\n#banner-1501651630 .banner-bg img {\n  object-position: 52% 51%;\n}\n<\/style>\n  <\/div>\n\n\n\n\t\t<\/div>\n\t\t\t\t\t<\/div>\n\n\t\n\n<\/div>\n<div class=\"row align-center\"  id=\"row-1447825908\">\n\n\n\t<div id=\"col-812310773\" class=\"col medium-10 small-12 large-12\"  >\n\t\t\t\t<div class=\"col-inner\"  >\n\t\t\t\n\t\t\t\n\n<div class=\"accordion\">\n\n\t<div id=\"accordion-3779842117\" class=\"accordion-item\">\n\t\t<a id=\"accordion-3779842117-label\" class=\"accordion-title plain\" href=\"#accordion-item-der-artikel-den-ich-bestellen-m\u00f6chte-ist-nicht-mehr-verf\u00fcgbar.\" aria-expanded=\"false\" aria-controls=\"accordion-3779842117-content\">\n\t\t\t<button class=\"toggle\" aria-label=\"Toggle\"><i class=\"icon-angle-down\" aria-hidden=\"true\"><\/i><\/button>\n\t\t\t<span>Der Artikel den ich bestellen m\u00f6chte ist nicht mehr verf\u00fcgbar.<\/span>\n\t\t<\/a>\n\t\t<div id=\"accordion-3779842117-content\" class=\"accordion-inner\" aria-labelledby=\"accordion-3779842117-label\">\n\t\t\t\n\n<p>Das tut mir Leid, ich w\u00fcrde mich freuen wenn du es beim n\u00e4chsten &#8220;Restock&#8221; noch einmal probierst.<\/p>\n\n\t\t<\/div>\n\t<\/div>\n\t\n\t<div id=\"accordion-3354377546\" class=\"accordion-item\">\n\t\t<a id=\"accordion-3354377546-label\" class=\"accordion-title plain\" href=\"#accordion-item-wie-kann-ich-bezahlen?\" aria-expanded=\"false\" aria-controls=\"accordion-3354377546-content\">\n\t\t\t<button class=\"toggle\" aria-label=\"Toggle\"><i class=\"icon-angle-down\" aria-hidden=\"true\"><\/i><\/button>\n\t\t\t<span>Wie kann ich bezahlen?<\/span>\n\t\t<\/a>\n\t\t<div id=\"accordion-3354377546-content\" class=\"accordion-inner\" aria-labelledby=\"accordion-3354377546-label\">\n\t\t\t\n\n<p>Du kannst sowohl per \u00dcberweisung auf mein Bankkonto als auch mit Paypal bezahlen. Die Zahlungsinformationen findest du auf deiner Rechnung, diese bekommst du per Mail, nachdem du deine Bestellung aufgegeben hast. <\/p>\n\n\t\t<\/div>\n\t<\/div>\n\t\n\t<div id=\"accordion-2810916752\" class=\"accordion-item\">\n\t\t<a id=\"accordion-2810916752-label\" class=\"accordion-title plain\" href=\"#accordion-item-wann-bekomme-ich-die-zahlungsinformationen?\" aria-expanded=\"false\" aria-controls=\"accordion-2810916752-content\">\n\t\t\t<button class=\"toggle\" aria-label=\"Toggle\"><i class=\"icon-angle-down\" aria-hidden=\"true\"><\/i><\/button>\n\t\t\t<span>Wann bekomme ich die Zahlungsinformationen?<\/span>\n\t\t<\/a>\n\t\t<div id=\"accordion-2810916752-content\" class=\"accordion-inner\" aria-labelledby=\"accordion-2810916752-label\">\n\t\t\t\n\n<p>Nachdem deine Bestellung eingegangen ist, pr\u00fcfe ich diese und sende dir per Mail eine Rechnung mit den Zahlungsinformationen zu. Deine Rechnung musst du innerhalb von 7 Werktagen begeleichen ansonsten wird deine Bestellung wieder storniert.<\/p>\n<p>Bitte stell sicher, dass du die E-mails von shop@midicraft.de empfangen kannst. Im Zweifelsfall schau in deinem Spam-Ordner nach.<\/p>\n\n\t\t<\/div>\n\t<\/div>\n\t\n\t<div id=\"accordion-648506900\" class=\"accordion-item\">\n\t\t<a id=\"accordion-648506900-label\" class=\"accordion-title plain\" href=\"#accordion-item-was-passiert-wenn-ich-nicht-innerhalb-von-7-werktagen-bezahle?\" aria-expanded=\"false\" aria-controls=\"accordion-648506900-content\">\n\t\t\t<button class=\"toggle\" aria-label=\"Toggle\"><i class=\"icon-angle-down\" aria-hidden=\"true\"><\/i><\/button>\n\t\t\t<span>Was passiert wenn ich NICHT innerhalb von 7 Werktagen bezahle?<\/span>\n\t\t<\/a>\n\t\t<div id=\"accordion-648506900-content\" class=\"accordion-inner\" aria-labelledby=\"accordion-648506900-label\">\n\t\t\t\n\n<p>Solltest du deine Rechnung nicht, innerhalb des angegebenen Zahlungsziels von 7 Werktagen, begleichen wird deine Bestellung von mir wieder storniert. Sollte deine Bestellung am 5. Werktag noch nicht bezahlt sein kontaktiere ich dich nochmal. <\/p>\n\n\t\t<\/div>\n\t<\/div>\n\t\n\t<div id=\"accordion-2247950886\" class=\"accordion-item\">\n\t\t<a id=\"accordion-2247950886-label\" class=\"accordion-title plain\" href=\"#accordion-item-ist-ein-kauf-auf-rechnung-m\u00f6glich?\" aria-expanded=\"false\" aria-controls=\"accordion-2247950886-content\">\n\t\t\t<button class=\"toggle\" aria-label=\"Toggle\"><i class=\"icon-angle-down\" aria-hidden=\"true\"><\/i><\/button>\n\t\t\t<span>Ist ein Kauf auf Rechnung m\u00f6glich?<\/span>\n\t\t<\/a>\n\t\t<div id=\"accordion-2247950886-content\" class=\"accordion-inner\" aria-labelledby=\"accordion-2247950886-label\">\n\t\t\t\n\n<p>Nein, zur Zeit wird ausschlie\u00dflich Vorkasse akzeptiert. Die Zahlung per Vorkasse garantiert mir, dass du die Ger\u00e4te auch wirklich haben m\u00f6chtest und hilft mir gleichzeitig die Materialkosten f\u00fcr die Produktion zu decken.<\/p>\n\n\t\t<\/div>\n\t<\/div>\n\t\n\t<div id=\"accordion-4252845653\" class=\"accordion-item\">\n\t\t<a id=\"accordion-4252845653-label\" class=\"accordion-title plain\" href=\"#accordion-item-gibt-es-mengenrabatt?\" aria-expanded=\"false\" aria-controls=\"accordion-4252845653-content\">\n\t\t\t<button class=\"toggle\" aria-label=\"Toggle\"><i class=\"icon-angle-down\" aria-hidden=\"true\"><\/i><\/button>\n\t\t\t<span>Gibt es Mengenrabatt?<\/span>\n\t\t<\/a>\n\t\t<div id=\"accordion-4252845653-content\" class=\"accordion-inner\" aria-labelledby=\"accordion-4252845653-label\">\n\t\t\t\n\n<p>Nein, zur Zeit wird kein Mengenrabatt angeboten.<\/p>\n\n\t\t<\/div>\n\t<\/div>\n\t\n\t<div id=\"accordion-3235278365\" class=\"accordion-item\">\n\t\t<a id=\"accordion-3235278365-label\" class=\"accordion-title plain\" href=\"#accordion-item-ich-bin-ein-h\u00e4ndler-und-habe-interesse-daran-deine-produkte-in-meinem-shop-anzubieten.\" aria-expanded=\"false\" aria-controls=\"accordion-3235278365-content\">\n\t\t\t<button class=\"toggle\" aria-label=\"Toggle\"><i class=\"icon-angle-down\" aria-hidden=\"true\"><\/i><\/button>\n\t\t\t<span>Ich bin ein H\u00e4ndler und habe Interesse daran deine Produkte in meinem Shop anzubieten.<\/span>\n\t\t<\/a>\n\t\t<div id=\"accordion-3235278365-content\" class=\"accordion-inner\" aria-labelledby=\"accordion-3235278365-label\">\n\t\t\t\n\n<p>Bitte melde dich unter info@midicraft.de bei mir. Dort k\u00f6nnen wir besprechen ob eine Zusammenarbeit Sinn ergibt.<\/p>\n\n\t\t<\/div>\n\t<\/div>\n\t\n\t<div id=\"accordion-1236666597\" class=\"accordion-item\">\n\t\t<a id=\"accordion-1236666597-label\" class=\"accordion-title plain\" href=\"#accordion-item-brauche-ich-eine-ust-id-zum-bestellen?\" aria-expanded=\"false\" aria-controls=\"accordion-1236666597-content\">\n\t\t\t<button class=\"toggle\" aria-label=\"Toggle\"><i class=\"icon-angle-down\" aria-hidden=\"true\"><\/i><\/button>\n\t\t\t<span>Brauche ich eine Ust-ID zum bestellen?<\/span>\n\t\t<\/a>\n\t\t<div id=\"accordion-1236666597-content\" class=\"accordion-inner\" aria-labelledby=\"accordion-1236666597-label\">\n\t\t\t\n\n<p>Nein, diese ist optional mitzuteilen. Gewerbetreibende k\u00f6nnen in ihrem Konto eine g\u00fcltige Ust-ID hinterlegen um Artikel innerhalb der EU \u00fcber das Reverse-Charge Verfahren bestellen. Gewerbetreibende aus Deutschland bekommen die Umsatzsteuer in jedem Fall berechnet.<\/p>\n\n\t\t<\/div>\n\t<\/div>\n\t\n\t<div id=\"accordion-436052189\" class=\"accordion-item\">\n\t\t<a id=\"accordion-436052189-label\" class=\"accordion-title plain\" href=\"#accordion-item-die-produkte-gefallen-mir-nicht.-kann-ich-sie-zur\u00fcckgeben?\" aria-expanded=\"false\" aria-controls=\"accordion-436052189-content\">\n\t\t\t<button class=\"toggle\" aria-label=\"Toggle\"><i class=\"icon-angle-down\" aria-hidden=\"true\"><\/i><\/button>\n\t\t\t<span>Die Produkte gefallen mir nicht. Kann ich sie zur\u00fcckgeben?<\/span>\n\t\t<\/a>\n\t\t<div id=\"accordion-436052189-content\" class=\"accordion-inner\" aria-labelledby=\"accordion-436052189-label\">\n\t\t\t\n\n<p>Wenn du kein Gewerbetreibender bist, kannst du Produkte im Rahmen deines Widerrufsrechts innerhalb der ersten 14 Tage nach Erhalt in der Originalverpackung zur\u00fcckgeben. Sind die Ger\u00e4te besch\u00e4digt oder weisen Abnutzungsspuren auf, werden die Kosten zur Wiederherstellung des OVP Zustands von deiner Gutschrift abgezogen.<\/p>\n<p>Den R\u00fcckversand musst du selbst \u00fcbernehmen. Bei internationalen Retouren nimm bitte vorher Kontakt mit mir auf. info@midicraft.de<\/p>\n<p>Als Gewerbetreibender hast du keinen Anspruch auf das Widerrufsrecht. Solltest du dennoch unzufrieden sein, kontaktiere mich einfach unter info@midicraft.de und wir versuchen eine L\u00f6sung zu finden.<\/p>\n\n\t\t<\/div>\n\t<\/div>\n\t\n\t<div id=\"accordion-3421850820\" class=\"accordion-item\">\n\t\t<a id=\"accordion-3421850820-label\" class=\"accordion-title plain\" href=\"#accordion-item-aus-welchen-l\u00e4ndern-kann-ich-bestellen?\" aria-expanded=\"false\" aria-controls=\"accordion-3421850820-content\">\n\t\t\t<button class=\"toggle\" aria-label=\"Toggle\"><i class=\"icon-angle-down\" aria-hidden=\"true\"><\/i><\/button>\n\t\t\t<span>Aus welchen L\u00e4ndern kann ich bestellen?<\/span>\n\t\t<\/a>\n\t\t<div id=\"accordion-3421850820-content\" class=\"accordion-inner\" aria-labelledby=\"accordion-3421850820-label\">\n\t\t\t\n\n<p>Im Warenkorb kannst du pr\u00fcfen in welche L\u00e4nder zur Zeit verkauft wird. Sollte dein Land nicht dabei sein, schreib mir einfach eine Mail an info@midicraft.de und ich schaue ob ein Versand m\u00f6glich ist.<\/p>\n\n\t\t<\/div>\n\t<\/div>\n\t\n\t<div id=\"accordion-1135394247\" class=\"accordion-item\">\n\t\t<a id=\"accordion-1135394247-label\" class=\"accordion-title plain\" href=\"#accordion-item-wieso-werden-die-produkte-g\u00fcnstiger-wenn-ich-au\u00dferhalb-der-eu-bestelle?\" aria-expanded=\"false\" aria-controls=\"accordion-1135394247-content\">\n\t\t\t<button class=\"toggle\" aria-label=\"Toggle\"><i class=\"icon-angle-down\" aria-hidden=\"true\"><\/i><\/button>\n\t\t\t<span>Wieso werden die Produkte g\u00fcnstiger wenn ich au\u00dferhalb der EU bestelle?<\/span>\n\t\t<\/a>\n\t\t<div id=\"accordion-1135394247-content\" class=\"accordion-inner\" aria-labelledby=\"accordion-1135394247-label\">\n\t\t\t\n\n<p>F\u00fcr Bestellungen au\u00dferhalb des europ\u00e4ischen Wirtschaftsraums wird auf der Rechnung keine Umsatzsteuer ausgewiesen. Die im Shop angezeigten Preise sind Nettopreise.<\/p>\n\n\t\t<\/div>\n\t<\/div>\n\t\n\t<div id=\"accordion-4080882137\" class=\"accordion-item\">\n\t\t<a id=\"accordion-4080882137-label\" class=\"accordion-title plain\" href=\"#accordion-item-wer-\u00fcbernimmt-die-zollgeb\u00fchren-bei-internationalem-versand?\" aria-expanded=\"false\" aria-controls=\"accordion-4080882137-content\">\n\t\t\t<button class=\"toggle\" aria-label=\"Toggle\"><i class=\"icon-angle-down\" aria-hidden=\"true\"><\/i><\/button>\n\t\t\t<span>Wer \u00fcbernimmt die Zollgeb\u00fchren bei internationalem Versand?<\/span>\n\t\t<\/a>\n\t\t<div id=\"accordion-4080882137-content\" class=\"accordion-inner\" aria-labelledby=\"accordion-4080882137-label\">\n\t\t\t\n\n<p>Um die Import-Verzollung in deinem Land musst du dich k\u00fcmmern. Bitte informiere dich, welche Unterlagen deine zust\u00e4ndige Zollbeh\u00f6rde ben\u00f6tigt. Bei Bestellungen, die wegen Zollproblemen an mich zur\u00fcckgesendet werden, wird nur der Kaufpreis exklusive der Versandkosten und Bearbeitungsgeb\u00fchr von 25\u20ac erstattet.<\/p>\n\n\t\t<\/div>\n\t<\/div>\n\t\n\t<div id=\"accordion-3604743834\" class=\"accordion-item\">\n\t\t<a id=\"accordion-3604743834-label\" class=\"accordion-title plain\" href=\"#accordion-item-accordion-panel\" aria-expanded=\"false\" aria-controls=\"accordion-3604743834-content\">\n\t\t\t<button class=\"toggle\" aria-label=\"Toggle\"><i class=\"icon-angle-down\" aria-hidden=\"true\"><\/i><\/button>\n\t\t\t<span>Accordion Panel<\/span>\n\t\t<\/a>\n\t\t<div id=\"accordion-3604743834-content\" class=\"accordion-inner\" aria-labelledby=\"accordion-3604743834-label\">\n\t\t\t\n\n<p>Wenn du einen Controller bestellst wird dieser erst nach deiner Bestellung produziert. Nur dadurch ist es m\u00f6glich dir Optionen f\u00fcr die Rahmenfarbe oder die Tasterauswahl zu bieten. Es gibt jeden Monat eine begrenzte Produktionskapazit\u00e4t. Die Chargen gew\u00e4hrleisten, dass diese nicht \u00fcberschritten und die Lieferzeit eingehalten wird. Dein Controller wird zusammen mit dem Rest deiner Bestellung bis zum Termin versendet den du als Charge ausgew\u00e4hlt hast. Oft geht es deutlich schneller!<\/p>\n\n\t\t<\/div>\n\t<\/div>\n\t\n\t<div id=\"accordion-3701001216\" class=\"accordion-item\">\n\t\t<a id=\"accordion-3701001216-label\" class=\"accordion-title plain\" href=\"#accordion-item-bekomme-ich-eine-tracking-nummer?\" aria-expanded=\"false\" aria-controls=\"accordion-3701001216-content\">\n\t\t\t<button class=\"toggle\" aria-label=\"Toggle\"><i class=\"icon-angle-down\" aria-hidden=\"true\"><\/i><\/button>\n\t\t\t<span>Bekomme ich eine Tracking-Nummer?<\/span>\n\t\t<\/a>\n\t\t<div id=\"accordion-3701001216-content\" class=\"accordion-inner\" aria-labelledby=\"accordion-3701001216-label\">\n\t\t\t\n\n<p>Sobald deine Bestellung an DHL \u00fcbergeben wird, erh\u00e4ltst du eine Mail mit der Tracking-Nummer deiner Sendung.<\/p>\n\n\t\t<\/div>\n\t<\/div>\n\t\n\t<div id=\"accordion-2497853644\" class=\"accordion-item\">\n\t\t<a id=\"accordion-2497853644-label\" class=\"accordion-title plain\" href=\"#accordion-item-mit-welcher-versandlaufzeit-ist-zu-rechnen?\" aria-expanded=\"false\" aria-controls=\"accordion-2497853644-content\">\n\t\t\t<button class=\"toggle\" aria-label=\"Toggle\"><i class=\"icon-angle-down\" aria-hidden=\"true\"><\/i><\/button>\n\t\t\t<span>Mit welcher Versandlaufzeit ist zu rechnen?<\/span>\n\t\t<\/a>\n\t\t<div id=\"accordion-2497853644-content\" class=\"accordion-inner\" aria-labelledby=\"accordion-2497853644-label\">\n\t\t\t\n\n<p>Die durchschnittlichen Versandlaufzeiten werden dir im Warenkorb angezeigt. Da die Laufzeit von vielen Faktoren abh\u00e4ngt kann ich diese nur f\u00fcr DHL Express garantieren. F\u00fcr DHL Premium kann es vor allem bei internationalen Sendungen vorkommen, dass ein Paket deutlich l\u00e4nger bruacht als angegeben.<\/p>\n<p>Sollte ein Paket ungew\u00f6hnlich lange brauchen, melde dich bitte unter info@midicraft.de bei mir.<\/p>\n\n\t\t<\/div>\n\t<\/div>\n\t\n\t<div id=\"accordion-1890098988\" class=\"accordion-item\">\n\t\t<a id=\"accordion-1890098988-label\" class=\"accordion-title plain\" href=\"#accordion-item-in-meiner-bestellung-ist-ein-falsches-teil-oder-es-fehlt-etwas!\" aria-expanded=\"false\" aria-controls=\"accordion-1890098988-content\">\n\t\t\t<button class=\"toggle\" aria-label=\"Toggle\"><i class=\"icon-angle-down\" aria-hidden=\"true\"><\/i><\/button>\n\t\t\t<span>In meiner Bestellung ist ein falsches Teil oder es fehlt etwas!<\/span>\n\t\t<\/a>\n\t\t<div id=\"accordion-1890098988-content\" class=\"accordion-inner\" aria-labelledby=\"accordion-1890098988-label\">\n\t\t\t\n\n<p>Sorry! Das sollte nicht passieren.<br \/>Schreibe mir in dem Fall umgehend eine Mail an info@midicraft.de und ich l\u00f6se das Problem schnellstm\u00f6glich!<\/p>\n\n\t\t<\/div>\n\t<\/div>\n\t\n\t<div id=\"accordion-4093145937\" class=\"accordion-item\">\n\t\t<a id=\"accordion-4093145937-label\" class=\"accordion-title plain\" href=\"#accordion-item-deine-frage-wurde-nicht-beantwortet?\" aria-expanded=\"false\" aria-controls=\"accordion-4093145937-content\">\n\t\t\t<button class=\"toggle\" aria-label=\"Toggle\"><i class=\"icon-angle-down\" aria-hidden=\"true\"><\/i><\/button>\n\t\t\t<span>Deine Frage wurde nicht beantwortet?<\/span>\n\t\t<\/a>\n\t\t<div id=\"accordion-4093145937-content\" class=\"accordion-inner\" aria-labelledby=\"accordion-4093145937-label\">\n\t\t\t\n\n<p>Schick mir eine Mail an info@midicraft.de mit deinem Anliegen und ich werde schnellstm\u00f6glich versuchen eine L\u00f6sung f\u00fcr dein Problem zu finden.<\/p>\n\n\t\t<\/div>\n\t<\/div>\n\t\n\n<\/div>\n\n\t\t<\/div>\n\t\t\t\t\t<\/div>\n\n\t\n\n<\/div>\n\n\t\t<\/div>\n\n\t\t\n<style>\n#section_64095781 {\n  padding-top: 60px;\n  padding-bottom: 60px;\n  background-color: rgba(255, 255, 255, 0);\n}\n<\/style>\n\t<\/section>\n\t\n<div class=\"row\"  id=\"row-1219767010\">\n\n\n\t<div id=\"col-1725697690\" class=\"col small-12 large-12\"  >\n\t\t\t\t<div class=\"col-inner\"  >\n\t\t\t\n\t\t\t\n\n\n  <div class=\"banner has-hover has-parallax\" id=\"banner-1305153840\">\n          <div class=\"banner-inner fill\">\n        <div class=\"banner-bg fill\" data-parallax=\"-2\" data-parallax-container=\".banner\" data-parallax-background>\n            <img loading=\"lazy\" decoding=\"async\" width=\"1080\" height=\"720\" src=\"https:\/\/www.midicraft.de\/wp-content\/uploads\/2020\/01\/push_fade_turn_mix_comandwing_nebel1-scaled-e1578748215792.jpg\" class=\"bg attachment-original size-original\" alt=\"\" \/>                        <div class=\"overlay\"><\/div>            \n                    <\/div>\n\t\t\n        <div class=\"banner-layers container\">\n            <div class=\"fill banner-link\"><\/div>            \n\n   <div id=\"text-box-147496534\" class=\"text-box banner-layer x0 md-x0 lg-x0 y100 md-y0 lg-y0 res-text\">\n                                <div class=\"text-box-content text dark\">\n              \n              <div class=\"text-inner text-left\">\n                  \n\n<h1><strong><span style=\"color: #808080;\">Follow now<\/span><br><\/strong><\/h1>\n<h3>Find MIDICRAFT on social media<\/h3>\n<div class=\"social-icons follow-icons full-width text-left\" style=\"font-size:200%\"><a href=\"https:\/\/www.facebook.com\/midicraft\/\" target=\"_blank\" data-label=\"Facebook\" class=\"icon button circle is-outline tooltip facebook\" title=\"Follow on Facebook\" aria-label=\"Follow on Facebook\" rel=\"noopener nofollow\"><i class=\"icon-facebook\" aria-hidden=\"true\"><\/i><\/a><a href=\"https:\/\/www.instagram.com\/midicraft\/\" target=\"_blank\" data-label=\"Instagram\" class=\"icon button circle is-outline tooltip instagram\" title=\"Follow on Instagram\" aria-label=\"Follow on Instagram\" rel=\"noopener nofollow\"><i class=\"icon-instagram\" aria-hidden=\"true\"><\/i><\/a><\/div>\n\n\n              <\/div>\n           <\/div>\n                            \n<style>\n#text-box-147496534 {\n  margin: 0px 0px 10px 10px;\n  width: 90%;\n}\n#text-box-147496534 .text-box-content {\n  font-size: 110%;\n}\n@media (min-width:550px) {\n  #text-box-147496534 {\n    margin: 30px 0px 0px 30px;\n    width: 46%;\n  }\n  #text-box-147496534 .text-box-content {\n    font-size: 120%;\n  }\n}\n@media (min-width:850px) {\n  #text-box-147496534 {\n    width: 40%;\n  }\n}\n<\/style>\n    <\/div>\n \n\n        <\/div>\n      <\/div>\n\n            \n<style>\n#banner-1305153840 {\n  padding-top: 400px;\n}\n#banner-1305153840 .overlay {\n  background-color: rgba(0, 0, 0, 0.4);\n}\n#banner-1305153840 .banner-bg img {\n  object-position: 54% 40%;\n}\n@media (min-width:550px) {\n  #banner-1305153840 {\n    padding-top: 400px;\n  }\n}\n<\/style>\n  <\/div>\n\n\n\n\t\t<\/div>\n\t\t\t\t\t<\/div>\n\n\t\n\n<\/div>\n\n\n","protected":false},"excerpt":{"rendered":"","protected":false},"author":1,"featured_media":0,"parent":0,"menu_order":0,"comment_status":"closed","ping_status":"closed","template":"","meta":{"footnotes":""},"class_list":["post-1569","page","type-page","status-publish","hentry"],"post_mailing_queue_ids":[],"_links":{"self":[{"href":"https:\/\/www.midicraft.de\/en\/wp-json\/wp\/v2\/pages\/1569","targetHints":{"allow":["GET"]}}],"collection":[{"href":"https:\/\/www.midicraft.de\/en\/wp-json\/wp\/v2\/pages"}],"about":[{"href":"https:\/\/www.midicraft.de\/en\/wp-json\/wp\/v2\/types\/page"}],"author":[{"embeddable":true,"href":"https:\/\/www.midicraft.de\/en\/wp-json\/wp\/v2\/users\/1"}],"replies":[{"embeddable":true,"href":"https:\/\/www.midicraft.de\/en\/wp-json\/wp\/v2\/comments?post=1569"}],"version-history":[{"count":36,"href":"https:\/\/www.midicraft.de\/en\/wp-json\/wp\/v2\/pages\/1569\/revisions"}],"predecessor-version":[{"id":12833,"href":"https:\/\/www.midicraft.de\/en\/wp-json\/wp\/v2\/pages\/1569\/revisions\/12833"}],"wp:attachment":[{"href":"https:\/\/www.midicraft.de\/en\/wp-json\/wp\/v2\/media?parent=1569"}],"curies":[{"name":"wp","href":"https:\/\/api.w.org\/{rel}","templated":true}]}}